{"id":5666472,"date":"2023-09-12T08:19:25","date_gmt":"2023-09-12T08:19:25","guid":{"rendered":"https:\/\/www.auttic.com\/?page_id=5666472"},"modified":"2023-09-12T10:15:23","modified_gmt":"2023-09-12T10:15:23","slug":"software-gestion-alquiler-material","status":"publish","type":"page","link":"https:\/\/www.auttic.com\/en\/software-gestion-alquiler-material\/","title":{"rendered":"Auttic Gesti\u00f3n Alquiler Material"},"content":{"rendered":"<div data-vc-full-width=\"true\" data-vc-full-width-init=\"false\" data-vc-stretch-content=\"true\" class=\"vc_row wpb_row vc_row-fluid vc_row-no-padding\"><div class=\"wpb_column vc_column_container vc_col-sm-12 vc_col-has-fill\"><div class=\"vc_column-inner vc_custom_1694513640540\"><div class=\"wpb_wrapper\"><div class=\"vc_empty_space  norebro-phone-space\"   style=\"height: 500px\"><span class=\"vc_empty_space_inner\"><\/span><\/div><div class=\"vc_separator wpb_content_element vc_separator_align_center vc_sep_width_100 vc_sep_pos_align_center vc_separator_no_text vc_sep_color_grey\" ><span class=\"vc_sep_holder vc_sep_holder_l\"><span  class=\"vc_sep_line\"><\/span><\/span><span class=\"vc_sep_holder vc_sep_holder_r\"><span  class=\"vc_sep_line\"><\/span><\/span>\n<\/div><\/div><\/div><\/div><\/div><div class=\"vc_row-full-width vc_clearfix\"><\/div><div class=\"vc_row wpb_row vc_row-fluid\"><div class=\"wpb_column vc_column_container vc_col-sm-12\"><div class=\"vc_column-inner vc_custom_1502450761306\"><div class=\"wpb_wrapper\"><div class=\"vc_empty_space  norebro-phone-space\"   style=\"height: 90px\"><span class=\"vc_empty_space_inner\"><\/span><\/div><div class=\"norebro-heading-sc heading text-center\"\n\tid=\"norebro-custom-69f6353ce64a9\" \n\t \n\t>\n\t\n\t\t\t<p class=\"subtitle\">\n\t\t\t\t\t<\/p>\n\t\n\t\n\t<h3 class=\"title subtitle-top\">\n\t\tData mining with Microsoft Power BI\t<\/h3>\n\n\t\n\t\t\n<\/div><div class=\"vc_empty_space  norebro-phone-space\"   style=\"height: 90px\"><span class=\"vc_empty_space_inner\"><\/span><\/div>\n\t<div  class=\"wpb_single_image wpb_content_element vc_align_center\">\n\t\t\n\t\t<figure class=\"wpb_wrapper vc_figure\">\n\t\t\t<div class=\"vc_single_image-wrapper   vc_box_border_grey\"><img width=\"931\" height=\"549\" src=\"https:\/\/www.auttic.com\/wp-content\/uploads\/2023\/09\/MicrosoftTeams-image-3.png\" class=\"vc_single_image-img attachment-full\" alt=\"\" loading=\"lazy\" srcset=\"https:\/\/www.auttic.com\/wp-content\/uploads\/2023\/09\/MicrosoftTeams-image-3.png 931w, https:\/\/www.auttic.com\/wp-content\/uploads\/2023\/09\/MicrosoftTeams-image-3-300x177.png 300w, https:\/\/www.auttic.com\/wp-content\/uploads\/2023\/09\/MicrosoftTeams-image-3-768x453.png 768w\" sizes=\"(max-width: 931px) 100vw, 931px\" \/><\/div>\n\t\t<\/figure>\n\t<\/div>\n<\/div><\/div><\/div><\/div><div class=\"vc_row wpb_row vc_row-fluid\"><div class=\"wpb_column vc_column_container vc_col-sm-12\"><div class=\"vc_column-inner\"><div class=\"wpb_wrapper\"><div class=\"norebro-text-sc\" \n\tid=\"norebro-custom-69f6353ce7475\" \n\t \n\t>\n\n\t<h2>Application for the management of companies dedicated to the rental of hospitality equipment, easy to use, user-friendly interface and fully configurable. Management and planning of material, customisable results report, publication of results on the Web, complete and simple integrated invoicing.<\/h2>\n\t\n<\/div><\/div><\/div><\/div><\/div><div class=\"vc_row wpb_row vc_row-fluid\"><div class=\"wpb_column vc_column_container vc_col-sm-3\"><div class=\"vc_column-inner\"><div class=\"wpb_wrapper\"><div class=\"norebro-icon-box-sc icon-box text-center\" \n\tid=\"norebro-custom-69f6353ce7ad6\" \n\t \n\t>\n\n\t<div class=\"icon-wrap\">\n\t\t\t\t\t<span class=\"ion-ios-cloud-outline\"><\/span>\n\t\t\t<\/div>\n\n\t<div class=\"content-wrap\">\n\n\t\t<div class=\"content-center with-full\">\n\t\t\t<div class=\"wrap\">\n\t\t\t\t<h3>Private Cloud Access<\/h3>\n\t\t\t\t\t\t\t<\/div>\n\t\t<\/div>\n\t\t\n\t\t\t<\/div>\n\t\t\n\t\t<p class=\"description content-full\">\n\t\t\tAccessible from anywhere at any time through security systems.\t\t<\/p>\n\n\t\t\n\t\t\n<\/div><div class=\"vc_empty_space  norebro-phone-space\"   style=\"height: 30px\"><span class=\"vc_empty_space_inner\"><\/span><\/div><\/div><\/div><\/div><div class=\"wpb_column vc_column_container vc_col-sm-3\"><div class=\"vc_column-inner\"><div class=\"wpb_wrapper\"><div class=\"norebro-icon-box-sc icon-box text-center\" \n\tid=\"norebro-custom-69f6353ce807f\" \n\t \n\t>\n\n\t<div class=\"icon-wrap\">\n\t\t\t\t\t<span class=\"ion-ios-world-outline\"><\/span>\n\t\t\t<\/div>\n\n\t<div class=\"content-wrap\">\n\n\t\t<div class=\"content-center with-full\">\n\t\t\t<div class=\"wrap\">\n\t\t\t\t<h3>Mobile Ready<\/h3>\n\t\t\t\t\t\t\t<\/div>\n\t\t<\/div>\n\t\t\n\t\t\t<\/div>\n\t\t\n\t\t<p class=\"description content-full\">\n\t\t\tAccessible from any platform, Internet Explorer, Mozilla Firefox, Safari, Google Chrome, Android...\t\t<\/p>\n\n\t\t\n\t\t\n<\/div><div class=\"vc_empty_space  norebro-phone-space\"   style=\"height: 30px\"><span class=\"vc_empty_space_inner\"><\/span><\/div><\/div><\/div><\/div><div class=\"wpb_column vc_column_container vc_col-sm-3\"><div class=\"vc_column-inner\"><div class=\"wpb_wrapper\"><div class=\"norebro-icon-box-sc icon-box text-center\" \n\tid=\"norebro-custom-69f6353ce8641\" \n\t \n\t>\n\n\t<div class=\"icon-wrap\">\n\t\t\t\t\t<span class=\"ion-soup-can-outline\"><\/span>\n\t\t\t<\/div>\n\n\t<div class=\"content-wrap\">\n\n\t\t<div class=\"content-center with-full\">\n\t\t\t<div class=\"wrap\">\n\t\t\t\t<h3>Database Support<\/h3>\n\t\t\t\t\t\t\t<\/div>\n\t\t<\/div>\n\t\t\n\t\t\t<\/div>\n\t\t\n\t\t<p class=\"description content-full\">\n\t\t\tSupport for multiple databases (MySQL, SQL Server, Oracle,...)\t\t<\/p>\n\n\t\t\n\t\t\n<\/div><div class=\"vc_empty_space  norebro-phone-space\"   style=\"height: 30px\"><span class=\"vc_empty_space_inner\"><\/span><\/div><\/div><\/div><\/div><div class=\"wpb_column vc_column_container vc_col-sm-3\"><div class=\"vc_column-inner\"><div class=\"wpb_wrapper\"><div class=\"norebro-icon-box-sc icon-box text-center\" \n\tid=\"norebro-custom-69f6353ce8bce\" \n\t \n\t>\n\n\t<div class=\"icon-wrap\">\n\t\t\t\t\t<span class=\"ion-ios-pulse\"><\/span>\n\t\t\t<\/div>\n\n\t<div class=\"content-wrap\">\n\n\t\t<div class=\"content-center with-full\">\n\t\t\t<div class=\"wrap\">\n\t\t\t\t<h3>Error Prevention<\/h3>\n\t\t\t\t\t\t\t<\/div>\n\t\t<\/div>\n\t\t\n\t\t\t<\/div>\n\t\t\n\t\t<p class=\"description content-full translation-block\">Registration<br>\nResults<br>\nValidation<\/p>\n\n\t\t\n\t\t\n<\/div><div class=\"vc_empty_space  norebro-phone-space\"   style=\"height: 30px\"><span class=\"vc_empty_space_inner\"><\/span><\/div><\/div><\/div><\/div><\/div><div class=\"vc_row wpb_row vc_row-fluid\"><div class=\"wpb_column vc_column_container vc_col-sm-3\"><div class=\"vc_column-inner\"><div class=\"wpb_wrapper\"><div class=\"norebro-icon-box-sc icon-box text-center\" \n\tid=\"norebro-custom-69f6353ce93fe\" \n\t \n\t>\n\n\t<div class=\"icon-wrap\">\n\t\t\t\t\t<span class=\"ion-ios-paper-outline\"><\/span>\n\t\t\t<\/div>\n\n\t<div class=\"content-wrap\">\n\n\t\t<div class=\"content-center with-full\">\n\t\t\t<div class=\"wrap\">\n\t\t\t\t<h3>Integrated Electronic Signature<\/h3>\n\t\t\t\t\t\t\t<\/div>\n\t\t<\/div>\n\t\t\n\t\t\t<\/div>\n\t\t\n\t\t<p class=\"description content-full translation-block\">Bulletins<br>\nInvoices<br>\nDocuments<\/p>\n\n\t\t\n\t\t\n<\/div><div class=\"vc_empty_space  norebro-phone-space\"   style=\"height: 30px\"><span class=\"vc_empty_space_inner\"><\/span><\/div><\/div><\/div><\/div><div class=\"wpb_column vc_column_container vc_col-sm-3\"><div class=\"vc_column-inner\"><div class=\"wpb_wrapper\"><div class=\"norebro-icon-box-sc icon-box text-center\" \n\tid=\"norebro-custom-69f6353ce9976\" \n\t \n\t>\n\n\t<div class=\"icon-wrap\">\n\t\t\t\t\t<span class=\"ion-ios-paperplane-outline\"><\/span>\n\t\t\t<\/div>\n\n\t<div class=\"content-wrap\">\n\n\t\t<div class=\"content-center with-full\">\n\t\t\t<div class=\"wrap\">\n\t\t\t\t<h3>Customer Communication<\/h3>\n\t\t\t\t\t\t\t<\/div>\n\t\t<\/div>\n\t\t\n\t\t\t<\/div>\n\t\t\n\t\t<p class=\"description content-full\">\n\t\t\tAccessible from anywhere at any time through security systems.\t\t<\/p>\n\n\t\t\n\t\t\n<\/div><div class=\"vc_empty_space  norebro-phone-space\"   style=\"height: 30px\"><span class=\"vc_empty_space_inner\"><\/span><\/div><\/div><\/div><\/div><div class=\"wpb_column vc_column_container vc_col-sm-3\"><div class=\"vc_column-inner\"><div class=\"wpb_wrapper\"><div class=\"norebro-icon-box-sc icon-box text-center\" \n\tid=\"norebro-custom-69f6353ce9ee2\" \n\t \n\t>\n\n\t<div class=\"icon-wrap\">\n\t\t\t\t\t<span class=\"ion-ios-speedometer-outline\"><\/span>\n\t\t\t<\/div>\n\n\t<div class=\"content-wrap\">\n\n\t\t<div class=\"content-center with-full\">\n\t\t\t<div class=\"wrap\">\n\t\t\t\t<h3>Resource and Task Optimisation<\/h3>\n\t\t\t\t\t\t\t<\/div>\n\t\t<\/div>\n\t\t\n\t\t\t<\/div>\n\t\t\n\t\t<p class=\"description content-full translation-block\">Elimination of paper<br>\nReduction of management time<br>\nElimination of redundant tasks<\/p>\n\n\t\t\n\t\t\n<\/div><div class=\"vc_empty_space  norebro-phone-space\"   style=\"height: 30px\"><span class=\"vc_empty_space_inner\"><\/span><\/div><\/div><\/div><\/div><div class=\"wpb_column vc_column_container vc_col-sm-3\"><div class=\"vc_column-inner\"><div class=\"wpb_wrapper\"><div class=\"norebro-icon-box-sc icon-box text-center\" \n\tid=\"norebro-custom-69f6353cea447\" \n\t \n\t>\n\n\t<div class=\"icon-wrap\">\n\t\t\t\t\t<span class=\"ion-ios-flask-outline\"><\/span>\n\t\t\t<\/div>\n\n\t<div class=\"content-wrap\">\n\n\t\t<div class=\"content-center with-full\">\n\t\t\t<div class=\"wrap\">\n\t\t\t\t<h3>Export and Import<\/h3>\n\t\t\t\t\t\t\t<\/div>\n\t\t<\/div>\n\t\t\n\t\t\t<\/div>\n\t\t\n\t\t<p class=\"description content-full translation-block\">File Formatting<br>\nAutomated Dispatch<br>\nConnection with Lab Terminals<\/p>\n\n\t\t\n\t\t\n<\/div><div class=\"vc_empty_space  norebro-phone-space\"   style=\"height: 30px\"><span class=\"vc_empty_space_inner\"><\/span><\/div><\/div><\/div><\/div><div class=\"wpb_column vc_column_container vc_col-sm-12\"><div class=\"vc_column-inner\"><div class=\"wpb_wrapper\"><div class=\"vc_empty_space  norebro-phone-space\"   style=\"height: 30px\"><span class=\"vc_empty_space_inner\"><\/span><\/div>\n\t<div  class=\"wpb_single_image wpb_content_element vc_align_center\">\n\t\t\n\t\t<figure class=\"wpb_wrapper vc_figure\">\n\t\t\t<div class=\"vc_single_image-wrapper   vc_box_border_grey\"><img width=\"661\" height=\"144\" src=\"https:\/\/www.auttic.com\/wp-content\/uploads\/2022\/12\/logo-ivace.jpg\" class=\"vc_single_image-img attachment-full\" alt=\"\" loading=\"lazy\" srcset=\"https:\/\/www.auttic.com\/wp-content\/uploads\/2022\/12\/logo-ivace.jpg 661w, https:\/\/www.auttic.com\/wp-content\/uploads\/2022\/12\/logo-ivace-300x65.jpg 300w\" sizes=\"(max-width: 661px) 100vw, 661px\" \/><\/div>\n\t\t<\/figure>\n\t<\/div>\n<div class=\"norebro-text-sc\" \n\tid=\"norebro-custom-69f6353ceb208\" \n\t \n\t>\n\n\t<p style=\"text-align: center;\" class=\"translation-block\">Within the business R+D+i plan of the Valencian Institute for Business Competitiveness (IVACE) for the financial year 2021 through the SME INNOVATION PROJECTS (INNOVA-CV) - INNOVATeic-CV.<br>\nThe company AUTTIC SERVICIOS INFORMATICOS SL has participated carrying out the project \u2018ADVANCED SOLUTION FOR THE MANAGEMENT OF EQUIPMENT RENTAL IN THE HOSPITALITY SECTOR\u2019 with file number: IMINOD\/2022\/94 through which the following results and objectives have been achieved:<br>\nDesign and development of a customised advanced solution for the management of equipment rental for the hospitality sector that allows the management of customers, budgets, delivery notes and stock thanks to an optimised web solution, integrated with the ERP systems and customised devices of the company and with usability on mobile and touch terminals. <br>\nThe project has been funded by the Valencian Institute for Business Competitiveness (IVACE) and co-financed by the European Union through the ERDF Operational Programme of the Valencian Community 2021-2027.<\/p>\n\t\n<\/div><div class=\"vc_empty_space  norebro-phone-space\"   style=\"height: 30px\"><span class=\"vc_empty_space_inner\"><\/span><\/div><\/div><\/div><\/div><\/div><div class=\"vc_row wpb_row vc_row-fluid\"><div class=\"wpb_column vc_column_container vc_col-sm-12\"><div class=\"vc_column-inner\"><div class=\"wpb_wrapper\"><div class=\"vc_empty_space  norebro-phone-space\"   style=\"height: 30px\"><span class=\"vc_empty_space_inner\"><\/span><\/div><div class=\"norebro-text-sc\" \n\tid=\"norebro-custom-69f6353cebbf0\" \n\t \n\t>\n\n\t<p>We connect with your ERP<\/p>\n\t\n<\/div><\/div><\/div><\/div><\/div><div class=\"vc_row wpb_row vc_row-fluid\"><div class=\"wpb_column vc_column_container vc_col-sm-1\/5\"><div class=\"vc_column-inner\"><div class=\"wpb_wrapper\">\n\t<div  class=\"wpb_single_image wpb_content_element vc_align_left\">\n\t\t\n\t\t<figure class=\"wpb_wrapper vc_figure\">\n\t\t\t<div class=\"vc_single_image-wrapper   vc_box_border_grey\"><img class=\"vc_single_image-img\" src=\"https:\/\/www.auttic.com\/wp-content\/uploads\/2021\/01\/images-1-200x100.png\" width=\"200\" height=\"100\" alt=\"images (1)\" title=\"images (1)\" \/><\/div>\n\t\t<\/figure>\n\t<\/div>\n<\/div><\/div><\/div><div class=\"wpb_column vc_column_container vc_col-sm-1\/5\"><div class=\"vc_column-inner\"><div class=\"wpb_wrapper\">\n\t<div  class=\"wpb_single_image wpb_content_element vc_align_left\">\n\t\t\n\t\t<figure class=\"wpb_wrapper vc_figure\">\n\t\t\t<div class=\"vc_single_image-wrapper   vc_box_border_grey\"><img class=\"vc_single_image-img\" src=\"https:\/\/www.auttic.com\/wp-content\/uploads\/2021\/01\/SAP-200x100.jpg\" width=\"200\" height=\"100\" alt=\"SAP\" title=\"SAP\" \/><\/div>\n\t\t<\/figure>\n\t<\/div>\n<\/div><\/div><\/div><div class=\"wpb_column vc_column_container vc_col-sm-1\/5\"><div class=\"vc_column-inner\"><div class=\"wpb_wrapper\">\n\t<div  class=\"wpb_single_image wpb_content_element vc_align_left\">\n\t\t\n\t\t<figure class=\"wpb_wrapper vc_figure\">\n\t\t\t<div class=\"vc_single_image-wrapper   vc_box_border_grey\"><img class=\"vc_single_image-img\" src=\"https:\/\/www.auttic.com\/wp-content\/uploads\/2021\/01\/microsoft-dynamics-ax-logo-200x100.png\" width=\"200\" height=\"100\" alt=\"microsoft-dynamics-ax-logo\" title=\"microsoft-dynamics-ax-logo\" \/><\/div>\n\t\t<\/figure>\n\t<\/div>\n<\/div><\/div><\/div><div class=\"wpb_column vc_column_container vc_col-sm-1\/5\"><div class=\"vc_column-inner\"><div class=\"wpb_wrapper\">\n\t<div  class=\"wpb_single_image wpb_content_element vc_align_left\">\n\t\t\n\t\t<figure class=\"wpb_wrapper vc_figure\">\n\t\t\t<div class=\"vc_single_image-wrapper   vc_box_border_grey\"><img class=\"vc_single_image-img\" src=\"https:\/\/www.auttic.com\/wp-content\/uploads\/2021\/01\/A3-logo-250x100.png\" width=\"250\" height=\"100\" alt=\"A3 logo\" title=\"A3 logo\" \/><\/div>\n\t\t<\/figure>\n\t<\/div>\n<\/div><\/div><\/div><div class=\"wpb_column vc_column_container vc_col-sm-1\/5\"><div class=\"vc_column-inner\"><div class=\"wpb_wrapper\">\n\t<div  class=\"wpb_single_image wpb_content_element vc_align_left\">\n\t\t\n\t\t<figure class=\"wpb_wrapper vc_figure\">\n\t\t\t<div class=\"vc_single_image-wrapper   vc_box_border_grey\"><img class=\"vc_single_image-img\" src=\"https:\/\/www.auttic.com\/wp-content\/uploads\/2021\/01\/oracle-250x100.png\" width=\"250\" height=\"100\" alt=\"oracle\" title=\"oracle\" \/><\/div>\n\t\t<\/figure>\n\t<\/div>\n<\/div><\/div><\/div><\/div><div class=\"vc_row wpb_row vc_row-fluid\"><div class=\"wpb_column vc_column_container vc_col-sm-12\"><div class=\"vc_column-inner\"><div class=\"wpb_wrapper\"><\/div><\/div><\/div><\/div>","protected":false},"excerpt":{"rendered":"AUTTIC GESTI\u00d3N ALQUILER DE MATERIAL PARA HOSTELER\u00cdA Aplicaci\u00f3n para la gesti\u00f3n de empresas dedicadas...","protected":false},"author":1,"featured_media":0,"parent":0,"menu_order":0,"comment_status":"closed","ping_status":"closed","template":"","meta":[],"yoast_head":"<!-- This site is optimized with the Yoast SEO Premium plugin v15.6.2 - https:\/\/yoast.com\/wordpress\/plugins\/seo\/ -->\n<title>Auttic Gesti\u00f3n Alquiler Material Software de Gesti\u00f3n para Laboratorios<\/title>\n<meta name=\"description\" content=\"Soluci\u00f3n Integral dirigida a la automatizaci\u00f3n, control y trazabilidad de todos los procesos asociados a la gesti\u00f3n de Laboratorios.\" \/>\n<meta name=\"robots\" content=\"index, follow, max-snippet:-1, max-image-preview:large, max-video-preview:-1\" \/>\n<link rel=\"canonical\" href=\"https:\/\/www.auttic.com\/en\/software-gestion-alquiler-material\/\" \/>\n<meta property=\"og:locale\" content=\"en_GB\" \/>\n<meta property=\"og:type\" content=\"article\" \/>\n<meta property=\"og:title\" content=\"Auttic Gesti\u00f3n Alquiler Material Software de Gesti\u00f3n para Laboratorios\" \/>\n<meta property=\"og:description\" content=\"Soluci\u00f3n Integral dirigida a la automatizaci\u00f3n, control y trazabilidad de todos los procesos asociados a la gesti\u00f3n de Laboratorios.\" \/>\n<meta property=\"og:url\" content=\"https:\/\/www.auttic.com\/en\/software-gestion-alquiler-material\/\" \/>\n<meta property=\"og:site_name\" content=\"Auttic\" \/>\n<meta property=\"article:publisher\" content=\"https:\/\/es-es.facebook.com\/grupoauttic\/\" \/>\n<meta property=\"article:modified_time\" content=\"2023-09-12T10:15:23+00:00\" \/>\n<meta name=\"twitter:card\" content=\"summary_large_image\" \/>\n<meta name=\"twitter:label1\" content=\"Estimated reading time\">\n\t<meta name=\"twitter:data1\" content=\"3 minutes\">\n<script type=\"application\/ld+json\" class=\"yoast-schema-graph\">{\"@context\":\"https:\/\/schema.org\",\"@graph\":[{\"@type\":\"Organization\",\"@id\":\"https:\/\/www.auttic.com\/#organization\",\"name\":\"AUTTIC SERVICIOS INFORMATICOS\",\"url\":\"https:\/\/www.auttic.com\/\",\"sameAs\":[\"https:\/\/es-es.facebook.com\/grupoauttic\/\",\"https:\/\/www.instagram.com\/auttic_informatica\/\",\"https:\/\/es.linkedin.com\/company\/grupo-auttic\"],\"logo\":{\"@type\":\"ImageObject\",\"@id\":\"https:\/\/www.auttic.com\/#logo\",\"inLanguage\":\"en-GB\",\"url\":\"https:\/\/www.auttic.com\/wp-content\/uploads\/2021\/01\/TT.png\",\"width\":200,\"height\":200,\"caption\":\"AUTTIC SERVICIOS INFORMATICOS\"},\"image\":{\"@id\":\"https:\/\/www.auttic.com\/#logo\"}},{\"@type\":\"WebSite\",\"@id\":\"https:\/\/www.auttic.com\/#website\",\"url\":\"https:\/\/www.auttic.com\/\",\"name\":\"Grupo-Auttic\",\"description\":\"Servicios Inform\\u00e1ticos\",\"publisher\":{\"@id\":\"https:\/\/www.auttic.com\/#organization\"},\"potentialAction\":[{\"@type\":\"SearchAction\",\"target\":\"https:\/\/www.auttic.com\/?s={search_term_string}\",\"query-input\":\"required name=search_term_string\"}],\"inLanguage\":\"en-GB\"},{\"@type\":\"WebPage\",\"@id\":\"https:\/\/www.auttic.com\/software-gestion-alquiler-material\/#webpage\",\"url\":\"https:\/\/www.auttic.com\/software-gestion-alquiler-material\/\",\"name\":\"Auttic Gesti\\u00f3n Alquiler Material Software de Gesti\\u00f3n para Laboratorios\",\"isPartOf\":{\"@id\":\"https:\/\/www.auttic.com\/#website\"},\"datePublished\":\"2023-09-12T08:19:25+00:00\",\"dateModified\":\"2023-09-12T10:15:23+00:00\",\"description\":\"Soluci\\u00f3n Integral dirigida a la automatizaci\\u00f3n, control y trazabilidad de todos los procesos asociados a la gesti\\u00f3n de Laboratorios.\",\"inLanguage\":\"en-GB\",\"potentialAction\":[{\"@type\":\"ReadAction\",\"target\":[\"https:\/\/www.auttic.com\/software-gestion-alquiler-material\/\"]}]}]}<\/script>\n<!-- \/ Yoast SEO Premium plugin. -->","_links":{"self":[{"href":"https:\/\/www.auttic.com\/en\/wp-json\/wp\/v2\/pages\/5666472"}],"collection":[{"href":"https:\/\/www.auttic.com\/en\/wp-json\/wp\/v2\/pages"}],"about":[{"href":"https:\/\/www.auttic.com\/en\/wp-json\/wp\/v2\/types\/page"}],"author":[{"embeddable":true,"href":"https:\/\/www.auttic.com\/en\/wp-json\/wp\/v2\/users\/1"}],"replies":[{"embeddable":true,"href":"https:\/\/www.auttic.com\/en\/wp-json\/wp\/v2\/comments?post=5666472"}],"version-history":[{"count":15,"href":"https:\/\/www.auttic.com\/en\/wp-json\/wp\/v2\/pages\/5666472\/revisions"}],"predecessor-version":[{"id":5666491,"href":"https:\/\/www.auttic.com\/en\/wp-json\/wp\/v2\/pages\/5666472\/revisions\/5666491"}],"wp:attachment":[{"href":"https:\/\/www.auttic.com\/en\/wp-json\/wp\/v2\/media?parent=5666472"}],"curies":[{"name":"wp","href":"https:\/\/api.w.org\/{rel}","templated":true}]}}