{"id":5666233,"date":"2021-01-08T10:05:51","date_gmt":"2021-01-08T10:05:51","guid":{"rendered":"https:\/\/auttic.com\/?page_id=5666233"},"modified":"2021-01-14T18:26:08","modified_gmt":"2021-01-14T18:26:08","slug":"registrosycolegios","status":"publish","type":"page","link":"https:\/\/www.auttic.com\/en\/registrosycolegios\/","title":{"rendered":"Auttic Records and colleges"},"content":{"rendered":"<div data-vc-full-width=\"true\" data-vc-full-width-init=\"false\" data-vc-stretch-content=\"true\" class=\"vc_row wpb_row vc_row-fluid vc_row-no-padding\"><div class=\"wpb_column vc_column_container vc_col-sm-12 vc_col-has-fill\"><div class=\"vc_column-inner vc_custom_1610103478062\"><div class=\"wpb_wrapper\"><div class=\"vc_empty_space  norebro-phone-space\"   style=\"height: 500px\"><span class=\"vc_empty_space_inner\"><\/span><\/div><div class=\"vc_separator wpb_content_element vc_separator_align_center vc_sep_width_100 vc_sep_pos_align_center vc_separator_no_text vc_sep_color_grey\" ><span class=\"vc_sep_holder vc_sep_holder_l\"><span  class=\"vc_sep_line\"><\/span><\/span><span class=\"vc_sep_holder vc_sep_holder_r\"><span  class=\"vc_sep_line\"><\/span><\/span>\n<\/div><\/div><\/div><\/div><\/div><div class=\"vc_row-full-width vc_clearfix\"><\/div><div class=\"vc_row wpb_row vc_row-fluid\"><div class=\"wpb_column vc_column_container vc_col-sm-12\"><div class=\"vc_column-inner vc_custom_1502450761306\"><div class=\"wpb_wrapper\"><div class=\"vc_empty_space  norebro-phone-space\"   style=\"height: 90px\"><span class=\"vc_empty_space_inner\"><\/span><\/div><\/div><\/div><\/div><\/div><div class=\"vc_row wpb_row vc_row-fluid\"><div class=\"wpb_column vc_column_container vc_col-sm-12\"><div class=\"vc_column-inner\"><div class=\"wpb_wrapper\"><div class=\"norebro-heading-sc heading text-left\"\n\tid=\"norebro-custom-69f601c553af5\" \n\t \n\t>\n\t\n\t\t\t<p class=\"subtitle\">\n\t\t\t\t\t<\/p>\n\t\n\t\n\t<h3 class=\"title subtitle-top\">\n\t\tREGISTRATION AND OFFICIAL VETERINARY COLLEGES\t<\/h3>\n\n\t\n\t\t\n<\/div><div class=\"vc_empty_space  norebro-phone-space\"   style=\"height: 30px\"><span class=\"vc_empty_space_inner\"><\/span><\/div><div class=\"norebro-text-sc\" \n\tid=\"norebro-custom-69f601c5541e2\" \n\t \n\t>\n\n\t<p>Easy-to-use laboratory management application, user-friendly and fully configurable interface. Sample and audit management and planning, customisable results reporting, web publishing of results, complete and easy integrated invoicing.<\/p>\n\t\n<\/div><div class=\"vc_empty_space  norebro-phone-space\"   style=\"height: 80px\"><span class=\"vc_empty_space_inner\"><\/span><\/div><\/div><\/div><\/div><\/div><div class=\"vc_row wpb_row vc_row-fluid\"><div class=\"wpb_column vc_column_container vc_col-sm-12\"><div class=\"vc_column-inner\"><div class=\"wpb_wrapper\">\n\t<div  class=\"wpb_single_image wpb_content_element vc_align_center\">\n\t\t\n\t\t<figure class=\"wpb_wrapper vc_figure\">\n\t\t\t<div class=\"vc_single_image-wrapper   vc_box_border_grey\"><img width=\"426\" height=\"408\" src=\"https:\/\/www.auttic.com\/wp-content\/uploads\/2021\/01\/REGISTRO-GLOBOS.png\" class=\"vc_single_image-img attachment-full\" alt=\"\" loading=\"lazy\" srcset=\"https:\/\/www.auttic.com\/wp-content\/uploads\/2021\/01\/REGISTRO-GLOBOS.png 426w, https:\/\/www.auttic.com\/wp-content\/uploads\/2021\/01\/REGISTRO-GLOBOS-300x287.png 300w\" sizes=\"(max-width: 426px) 100vw, 426px\" \/><\/div>\n\t\t<\/figure>\n\t<\/div>\n<div class=\"vc_empty_space  norebro-phone-space\"   style=\"height: 80px\"><span class=\"vc_empty_space_inner\"><\/span><\/div><\/div><\/div><\/div><\/div><div class=\"vc_row wpb_row vc_row-fluid\"><div class=\"wpb_column vc_column_container vc_col-sm-6\"><div class=\"vc_column-inner\"><div class=\"wpb_wrapper\"><div class=\"norebro-text-sc\" \n\tid=\"norebro-custom-69f601c556a1b\" \n\t \n\t>\n\n\t<p>\u25b9Registration and identification of small animals and equidae.<\/p>\n<p>\u25b9Material control: microchips, passports, stamps and reports.<\/p>\n<p>\u25b9Management of applications: registrations, cancellations, ch<\/p>\n<p>\u25b9Registration and follow-up of complaints, findings and aggressions.<\/p>\n<p>\u25b9Epidemiological surveillance.<\/p>\n<p>\u25b9Documentary management and traceability.<\/p>\n<p>\u25b9Automated issuance of certificates and documents.<\/p>\n\t\n<\/div><div class=\"vc_empty_space  norebro-phone-space\"   style=\"height: 80px\"><span class=\"vc_empty_space_inner\"><\/span><\/div><\/div><\/div><\/div><div class=\"wpb_column vc_column_container vc_col-sm-6\"><div class=\"vc_column-inner\"><div class=\"wpb_wrapper\"><div class=\"norebro-text-sc\" \n\tid=\"norebro-custom-69f601c556f65\" \n\t \n\t>\n\n\t<p>\u25b9 Processing of large volumes of data.<\/p>\n<p>\u25b9 Search, filter and locate sub-systems.<\/p>\n<p>\u25b9 Data export.<\/p>\n<p>\u25b9 Issuance of statistical reports.<\/p>\n\t\n<\/div><div class=\"vc_empty_space  norebro-phone-space\"   style=\"height: 80px\"><span class=\"vc_empty_space_inner\"><\/span><\/div><\/div><\/div><\/div><\/div><div class=\"vc_row wpb_row vc_row-fluid\"><div class=\"wpb_column vc_column_container vc_col-sm-6\"><div class=\"vc_column-inner\"><div class=\"wpb_wrapper\">\n\t<div  class=\"wpb_single_image wpb_content_element vc_align_left\">\n\t\t\n\t\t<figure class=\"wpb_wrapper vc_figure\">\n\t\t\t<div class=\"vc_single_image-wrapper   vc_box_border_grey\"><img data-vc-zoom=\"https:\/\/www.auttic.com\/wp-content\/uploads\/2021\/01\/Pequenos-animales.png\" width=\"960\" height=\"264\" src=\"https:\/\/www.auttic.com\/wp-content\/uploads\/2021\/01\/Pequenos-animales.png\" class=\"vc_single_image-img attachment-full\" alt=\"\" loading=\"lazy\" srcset=\"https:\/\/www.auttic.com\/wp-content\/uploads\/2021\/01\/Pequenos-animales.png 960w, https:\/\/www.auttic.com\/wp-content\/uploads\/2021\/01\/Pequenos-animales-300x83.png 300w, https:\/\/www.auttic.com\/wp-content\/uploads\/2021\/01\/Pequenos-animales-768x211.png 768w\" sizes=\"(max-width: 960px) 100vw, 960px\" \/><\/div>\n\t\t<\/figure>\n\t<\/div>\n<div class=\"vc_empty_space  norebro-phone-space\"   style=\"height: 80px\"><span class=\"vc_empty_space_inner\"><\/span><\/div><\/div><\/div><\/div><div class=\"wpb_column vc_column_container vc_col-sm-6\"><div class=\"vc_column-inner\"><div class=\"wpb_wrapper\">\n\t<div  class=\"wpb_single_image wpb_content_element vc_align_left\">\n\t\t\n\t\t<figure class=\"wpb_wrapper vc_figure\">\n\t\t\t<div class=\"vc_single_image-wrapper   vc_box_border_grey\"><img data-vc-zoom=\"https:\/\/www.auttic.com\/wp-content\/uploads\/2021\/01\/Registro-datos-2.png\" width=\"960\" height=\"436\" src=\"https:\/\/www.auttic.com\/wp-content\/uploads\/2021\/01\/Registro-datos-2.png\" class=\"vc_single_image-img attachment-full\" alt=\"\" loading=\"lazy\" srcset=\"https:\/\/www.auttic.com\/wp-content\/uploads\/2021\/01\/Registro-datos-2.png 960w, https:\/\/www.auttic.com\/wp-content\/uploads\/2021\/01\/Registro-datos-2-300x136.png 300w, https:\/\/www.auttic.com\/wp-content\/uploads\/2021\/01\/Registro-datos-2-768x349.png 768w\" sizes=\"(max-width: 960px) 100vw, 960px\" \/><\/div>\n\t\t<\/figure>\n\t<\/div>\n<div class=\"vc_empty_space  norebro-phone-space\"   style=\"height: 80px\"><span class=\"vc_empty_space_inner\"><\/span><\/div><\/div><\/div><\/div><\/div><div class=\"vc_row wpb_row vc_row-fluid\"><div class=\"wpb_column vc_column_container vc_col-sm-12\"><div class=\"vc_column-inner\"><div class=\"wpb_wrapper\"><div class=\"norebro-heading-sc heading text-center\"\n\tid=\"norebro-custom-69f601c558f30\" \n\t \n\t>\n\t\n\t\t\t<p class=\"subtitle\">\n\t\t\t\t\t<\/p>\n\t\n\t\n\t<h3 class=\"title subtitle-top\">\n\t\tData mining with Microsoft Power BI\t<\/h3>\n\n\t\n\t\t\n<\/div><div class=\"vc_empty_space  norebro-phone-space\"   style=\"height: 50px\"><span class=\"vc_empty_space_inner\"><\/span><\/div>\n\t<div  class=\"wpb_single_image wpb_content_element vc_align_center\">\n\t\t\n\t\t<figure class=\"wpb_wrapper vc_figure\">\n\t\t\t<div class=\"vc_single_image-wrapper   vc_box_border_grey\"><img width=\"960\" height=\"504\" src=\"https:\/\/www.auttic.com\/wp-content\/uploads\/2021\/01\/REGISTRO-BI.png\" class=\"vc_single_image-img attachment-full\" alt=\"\" loading=\"lazy\" srcset=\"https:\/\/www.auttic.com\/wp-content\/uploads\/2021\/01\/REGISTRO-BI.png 960w, https:\/\/www.auttic.com\/wp-content\/uploads\/2021\/01\/REGISTRO-BI-300x158.png 300w, https:\/\/www.auttic.com\/wp-content\/uploads\/2021\/01\/REGISTRO-BI-768x403.png 768w\" sizes=\"(max-width: 960px) 100vw, 960px\" \/><\/div>\n\t\t<\/figure>\n\t<\/div>\n<\/div><\/div><\/div><\/div><div class=\"vc_row wpb_row vc_row-fluid\"><div class=\"wpb_column vc_column_container vc_col-sm-6\"><div class=\"vc_column-inner vc_custom_1502450761306\"><div class=\"wpb_wrapper\"><div class=\"vc_empty_space  norebro-phone-space\"   style=\"height: 80px\"><span class=\"vc_empty_space_inner\"><\/span><\/div><\/div><\/div><\/div><div class=\"wpb_column vc_column_container vc_col-sm-6\"><div class=\"vc_column-inner\"><div class=\"wpb_wrapper\"><div class=\"vc_empty_space  norebro-phone-space\"   style=\"height: 80px\"><span class=\"vc_empty_space_inner\"><\/span><\/div><\/div><\/div><\/div><\/div><div class=\"vc_row wpb_row vc_row-fluid\"><div class=\"wpb_column vc_column_container vc_col-sm-12\"><div class=\"vc_column-inner\"><div class=\"wpb_wrapper\"><div class=\"vc_empty_space  norebro-phone-space\"   style=\"height: 50px\"><span class=\"vc_empty_space_inner\"><\/span><\/div><\/div><\/div><\/div><\/div><div class=\"vc_row wpb_row vc_row-fluid\"><div class=\"wpb_column vc_column_container vc_col-sm-4\"><div class=\"vc_column-inner\"><div class=\"wpb_wrapper\"><div class=\"norebro-icon-box-sc icon-box text-center\" \n\tid=\"norebro-custom-69f601c55ae0b\" \n\t \n\t>\n\n\t<div class=\"icon-wrap\">\n\t\t\t\t\t<span class=\"ion-ios-cloud-outline\"><\/span>\n\t\t\t<\/div>\n\n\t<div class=\"content-wrap\">\n\n\t\t<div class=\"content-center with-full\">\n\t\t\t<div class=\"wrap\">\n\t\t\t\t<h3>Private Cloud Access<\/h3>\n\t\t\t\t\t\t\t<\/div>\n\t\t<\/div>\n\t\t\n\t\t\t<\/div>\n\t\t\n\t\t<p class=\"description content-full\">\n\t\t\tAccessible from anywhere at any time through security systems.\t\t<\/p>\n\n\t\t\n\t\t\n<\/div><div class=\"vc_empty_space  norebro-phone-space\"   style=\"height: 30px\"><span class=\"vc_empty_space_inner\"><\/span><\/div><\/div><\/div><\/div><div class=\"wpb_column vc_column_container vc_col-sm-4\"><div class=\"vc_column-inner\"><div class=\"wpb_wrapper\"><div class=\"norebro-icon-box-sc icon-box text-center\" \n\tid=\"norebro-custom-69f601c55b650\" \n\t \n\t>\n\n\t<div class=\"icon-wrap\">\n\t\t\t\t\t<span class=\"ion-ios-world-outline\"><\/span>\n\t\t\t<\/div>\n\n\t<div class=\"content-wrap\">\n\n\t\t<div class=\"content-center with-full\">\n\t\t\t<div class=\"wrap\">\n\t\t\t\t<h3>Mobile Ready<\/h3>\n\t\t\t\t\t\t\t<\/div>\n\t\t<\/div>\n\t\t\n\t\t\t<\/div>\n\t\t\n\t\t<p class=\"description content-full\">\n\t\t\tAccessible from any platform, Internet Explorer, Mozilla Firefox, Safari, Google Chrome, Android...\t\t<\/p>\n\n\t\t\n\t\t\n<\/div><div class=\"vc_empty_space  norebro-phone-space\"   style=\"height: 30px\"><span class=\"vc_empty_space_inner\"><\/span><\/div><\/div><\/div><\/div><div class=\"wpb_column vc_column_container vc_col-sm-4\"><div class=\"vc_column-inner\"><div class=\"wpb_wrapper\"><div class=\"norebro-icon-box-sc icon-box text-center\" \n\tid=\"norebro-custom-69f601c55bbc5\" \n\t \n\t>\n\n\t<div class=\"icon-wrap\">\n\t\t\t\t\t<span class=\"ion-soup-can-outline\"><\/span>\n\t\t\t<\/div>\n\n\t<div class=\"content-wrap\">\n\n\t\t<div class=\"content-center with-full\">\n\t\t\t<div class=\"wrap\">\n\t\t\t\t<h3>Database Support<\/h3>\n\t\t\t\t\t\t\t<\/div>\n\t\t<\/div>\n\t\t\n\t\t\t<\/div>\n\t\t\n\t\t<p class=\"description content-full\">\n\t\t\tSupport for multiple databases (MySQL, SQL Server, Oracle,...)\t\t<\/p>\n\n\t\t\n\t\t\n<\/div><div class=\"vc_empty_space  norebro-phone-space\"   style=\"height: 30px\"><span class=\"vc_empty_space_inner\"><\/span><\/div><\/div><\/div><\/div><\/div><div class=\"vc_row wpb_row vc_row-fluid\"><div class=\"wpb_column vc_column_container vc_col-sm-4\"><div class=\"vc_column-inner\"><div class=\"wpb_wrapper\"><div class=\"norebro-icon-box-sc icon-box text-center\" \n\tid=\"norebro-custom-69f601c55c402\" \n\t \n\t>\n\n\t<div class=\"icon-wrap\">\n\t\t\t\t\t<span class=\"ion-ios-paper-outline\"><\/span>\n\t\t\t<\/div>\n\n\t<div class=\"content-wrap\">\n\n\t\t<div class=\"content-center with-full\">\n\t\t\t<div class=\"wrap\">\n\t\t\t\t<h3>Integrated Electronic Signature<\/h3>\n\t\t\t\t\t\t\t<\/div>\n\t\t<\/div>\n\t\t\n\t\t\t<\/div>\n\t\t\n\t\t<p class=\"description content-full translation-block\">Bulletins<br>\nInvoices<br>\nDocuments<\/p>\n\n\t\t\n\t\t\n<\/div><div class=\"vc_empty_space  norebro-phone-space\"   style=\"height: 30px\"><span class=\"vc_empty_space_inner\"><\/span><\/div><\/div><\/div><\/div><div class=\"wpb_column vc_column_container vc_col-sm-4\"><div class=\"vc_column-inner\"><div class=\"wpb_wrapper\"><div class=\"norebro-icon-box-sc icon-box text-center\" \n\tid=\"norebro-custom-69f601c55c983\" \n\t \n\t>\n\n\t<div class=\"icon-wrap\">\n\t\t\t\t\t<span class=\"ion-ios-paperplane-outline\"><\/span>\n\t\t\t<\/div>\n\n\t<div class=\"content-wrap\">\n\n\t\t<div class=\"content-center with-full\">\n\t\t\t<div class=\"wrap\">\n\t\t\t\t<h3>Customer Communication<\/h3>\n\t\t\t\t\t\t\t<\/div>\n\t\t<\/div>\n\t\t\n\t\t\t<\/div>\n\t\t\n\t\t<p class=\"description content-full\">\n\t\t\tAccessible from anywhere at any time through security systems.\t\t<\/p>\n\n\t\t\n\t\t\n<\/div><div class=\"vc_empty_space  norebro-phone-space\"   style=\"height: 30px\"><span class=\"vc_empty_space_inner\"><\/span><\/div><\/div><\/div><\/div><div class=\"wpb_column vc_column_container vc_col-sm-4\"><div class=\"vc_column-inner\"><div class=\"wpb_wrapper\"><div class=\"norebro-icon-box-sc icon-box text-center\" \n\tid=\"norebro-custom-69f601c55cefb\" \n\t \n\t>\n\n\t<div class=\"icon-wrap\">\n\t\t\t\t\t<span class=\"ion-ios-speedometer-outline\"><\/span>\n\t\t\t<\/div>\n\n\t<div class=\"content-wrap\">\n\n\t\t<div class=\"content-center with-full\">\n\t\t\t<div class=\"wrap\">\n\t\t\t\t<h3>Resource and Task Optimisation<\/h3>\n\t\t\t\t\t\t\t<\/div>\n\t\t<\/div>\n\t\t\n\t\t\t<\/div>\n\t\t\n\t\t<p class=\"description content-full translation-block\">Elimination of paper<br>\nReduction of management time<br>\nElimination of redundant tasks<\/p>\n\n\t\t\n\t\t\n<\/div><div class=\"vc_empty_space  norebro-phone-space\"   style=\"height: 30px\"><span class=\"vc_empty_space_inner\"><\/span><\/div><\/div><\/div><\/div><\/div>","protected":false},"excerpt":{"rendered":"REGISTRO Y COLEGIOS OFICIALES VETERINARIOS Aplicaci\u00f3n para la gesti\u00f3n de Laboratorio f\u00e1cil de usar,...","protected":false},"author":2,"featured_media":0,"parent":0,"menu_order":0,"comment_status":"closed","ping_status":"closed","template":"","meta":[],"yoast_head":"<!-- This site is optimized with the Yoast SEO Premium plugin v15.6.2 - https:\/\/yoast.com\/wordpress\/plugins\/seo\/ -->\n<title>Auttic Registros y colegios Oficiales &ndash; Auttic<\/title>\n<meta name=\"robots\" content=\"index, follow, max-snippet:-1, max-image-preview:large, max-video-preview:-1\" \/>\n<link rel=\"canonical\" href=\"https:\/\/www.auttic.com\/en\/registrosycolegios\/\" \/>\n<meta property=\"og:locale\" content=\"en_GB\" \/>\n<meta property=\"og:type\" content=\"article\" \/>\n<meta property=\"og:title\" content=\"Auttic Registros y colegios Oficiales &ndash; Auttic\" \/>\n<meta property=\"og:url\" content=\"https:\/\/www.auttic.com\/en\/registrosycolegios\/\" \/>\n<meta property=\"og:site_name\" content=\"Auttic\" \/>\n<meta property=\"article:publisher\" content=\"https:\/\/es-es.facebook.com\/grupoauttic\/\" \/>\n<meta property=\"article:modified_time\" content=\"2021-01-14T18:26:08+00:00\" \/>\n<meta name=\"twitter:card\" content=\"summary_large_image\" \/>\n<meta name=\"twitter:label1\" content=\"Estimated reading time\">\n\t<meta name=\"twitter:data1\" content=\"5 minutes\">\n<script type=\"application\/ld+json\" class=\"yoast-schema-graph\">{\"@context\":\"https:\/\/schema.org\",\"@graph\":[{\"@type\":\"Organization\",\"@id\":\"https:\/\/www.auttic.com\/#organization\",\"name\":\"AUTTIC SERVICIOS INFORMATICOS\",\"url\":\"https:\/\/www.auttic.com\/\",\"sameAs\":[\"https:\/\/es-es.facebook.com\/grupoauttic\/\",\"https:\/\/www.instagram.com\/auttic_informatica\/\",\"https:\/\/es.linkedin.com\/company\/grupo-auttic\"],\"logo\":{\"@type\":\"ImageObject\",\"@id\":\"https:\/\/www.auttic.com\/#logo\",\"inLanguage\":\"en-GB\",\"url\":\"https:\/\/www.auttic.com\/wp-content\/uploads\/2021\/01\/TT.png\",\"width\":200,\"height\":200,\"caption\":\"AUTTIC SERVICIOS INFORMATICOS\"},\"image\":{\"@id\":\"https:\/\/www.auttic.com\/#logo\"}},{\"@type\":\"WebSite\",\"@id\":\"https:\/\/www.auttic.com\/#website\",\"url\":\"https:\/\/www.auttic.com\/\",\"name\":\"Grupo-Auttic\",\"description\":\"Servicios Inform\\u00e1ticos\",\"publisher\":{\"@id\":\"https:\/\/www.auttic.com\/#organization\"},\"potentialAction\":[{\"@type\":\"SearchAction\",\"target\":\"https:\/\/www.auttic.com\/?s={search_term_string}\",\"query-input\":\"required name=search_term_string\"}],\"inLanguage\":\"en-GB\"},{\"@type\":\"WebPage\",\"@id\":\"https:\/\/www.auttic.com\/registrosycolegios\/#webpage\",\"url\":\"https:\/\/www.auttic.com\/registrosycolegios\/\",\"name\":\"Auttic Registros y colegios Oficiales &ndash; Auttic\",\"isPartOf\":{\"@id\":\"https:\/\/www.auttic.com\/#website\"},\"datePublished\":\"2021-01-08T10:05:51+00:00\",\"dateModified\":\"2021-01-14T18:26:08+00:00\",\"inLanguage\":\"en-GB\",\"potentialAction\":[{\"@type\":\"ReadAction\",\"target\":[\"https:\/\/www.auttic.com\/registrosycolegios\/\"]}]}]}<\/script>\n<!-- \/ Yoast SEO Premium plugin. -->","_links":{"self":[{"href":"https:\/\/www.auttic.com\/en\/wp-json\/wp\/v2\/pages\/5666233"}],"collection":[{"href":"https:\/\/www.auttic.com\/en\/wp-json\/wp\/v2\/pages"}],"about":[{"href":"https:\/\/www.auttic.com\/en\/wp-json\/wp\/v2\/types\/page"}],"author":[{"embeddable":true,"href":"https:\/\/www.auttic.com\/en\/wp-json\/wp\/v2\/users\/2"}],"replies":[{"embeddable":true,"href":"https:\/\/www.auttic.com\/en\/wp-json\/wp\/v2\/comments?post=5666233"}],"version-history":[{"count":22,"href":"https:\/\/www.auttic.com\/en\/wp-json\/wp\/v2\/pages\/5666233\/revisions"}],"predecessor-version":[{"id":5666339,"href":"https:\/\/www.auttic.com\/en\/wp-json\/wp\/v2\/pages\/5666233\/revisions\/5666339"}],"wp:attachment":[{"href":"https:\/\/www.auttic.com\/en\/wp-json\/wp\/v2\/media?parent=5666233"}],"curies":[{"name":"wp","href":"https:\/\/api.w.org\/{rel}","templated":true}]}}